{"id":30,"date":"2026-04-03T19:43:42","date_gmt":"2026-04-03T19:43:42","guid":{"rendered":"https:\/\/dd-ergo74.fr\/?page_id=30"},"modified":"2026-04-03T19:52:26","modified_gmt":"2026-04-03T19:52:26","slug":"localisation","status":"publish","type":"page","link":"https:\/\/dd-ergo74.fr\/index.php\/localisation\/","title":{"rendered":"Acc\u00e8s au cabinet"},"content":{"rendered":"\n<figure class=\"wp-block-image size-full\"><img loading=\"lazy\" decoding=\"async\" width=\"933\" height=\"700\" src=\"https:\/\/dd-ergo74.fr\/wp-content\/uploads\/2026\/04\/yscsx4qrazd0rfvxw8df.webp\" alt=\"\" class=\"wp-image-11\" srcset=\"https:\/\/dd-ergo74.fr\/wp-content\/uploads\/2026\/04\/yscsx4qrazd0rfvxw8df.webp 933w, https:\/\/dd-ergo74.fr\/wp-content\/uploads\/2026\/04\/yscsx4qrazd0rfvxw8df-300x225.webp 300w, https:\/\/dd-ergo74.fr\/wp-content\/uploads\/2026\/04\/yscsx4qrazd0rfvxw8df-768x576.webp 768w\" sizes=\"auto, (max-width: 933px) 100vw, 933px\" \/><\/figure>\n\n\n\n<p class=\"has-text-align-center\">Le cabinet se situe au 1er \u00e9tage du p\u00f4le sant\u00e9 de Groisy :<\/p>\n\n\n\n<p class=\"has-text-align-center\"><strong><em>99, route des Usses &#8211; 74570 GROISY<\/em><\/strong><\/p>\n\n\n\n<p class=\"has-text-align-center\">\u00e0 10min de Cruseilles et Allonzier la Caille, 15min d&rsquo;Annecy, 20min de La Roche sur Foron et 30min de Saint Julien en Genevois.<\/p>\n\n\n\n<p><mark style=\"background-color:rgba(0, 0, 0, 0)\" class=\"has-inline-color has-base-color\">Ergoth\u00e9rapeute cruseilles \u2013 ergoth\u00e9rapeute annecy \u2013 ergoth\u00e9rapie 74 \u2013 ergoth\u00e9rapeute 74 ergoth\u00e9rapeute saint julien en genevois <\/mark><\/p>\n\n\n\n<p><\/p>\n","protected":false},"excerpt":{"rendered":"<p>Le cabinet se situe au 1er \u00e9tage du p\u00f4le sant\u00e9 de Groisy : 99, route des Usses &#8211; 74570 GROISY \u00e0 10min de Cruseilles et Allonzier la Caille, 15min d&rsquo;Annecy, 20min de La Roche sur Foron et 30min de Saint Julien en Genevois. Ergoth\u00e9rapeute cruseilles \u2013 ergoth\u00e9rapeute annecy \u2013 ergoth\u00e9rapie 74 \u2013 ergoth\u00e9rapeute 74 ergoth\u00e9rapeute [&hellip;]<\/p>\n","protected":false},"author":1,"featured_media":0,"parent":0,"menu_order":2,"comment_status":"closed","ping_status":"closed","template":"","meta":{"footnotes":""},"class_list":["post-30","page","type-page","status-publish","hentry"],"_links":{"self":[{"href":"https:\/\/dd-ergo74.fr\/index.php\/wp-json\/wp\/v2\/pages\/30","targetHints":{"allow":["GET"]}}],"collection":[{"href":"https:\/\/dd-ergo74.fr\/index.php\/wp-json\/wp\/v2\/pages"}],"about":[{"href":"https:\/\/dd-ergo74.fr\/index.php\/wp-json\/wp\/v2\/types\/page"}],"author":[{"embeddable":true,"href":"https:\/\/dd-ergo74.fr\/index.php\/wp-json\/wp\/v2\/users\/1"}],"replies":[{"embeddable":true,"href":"https:\/\/dd-ergo74.fr\/index.php\/wp-json\/wp\/v2\/comments?post=30"}],"version-history":[{"count":3,"href":"https:\/\/dd-ergo74.fr\/index.php\/wp-json\/wp\/v2\/pages\/30\/revisions"}],"predecessor-version":[{"id":38,"href":"https:\/\/dd-ergo74.fr\/index.php\/wp-json\/wp\/v2\/pages\/30\/revisions\/38"}],"wp:attachment":[{"href":"https:\/\/dd-ergo74.fr\/index.php\/wp-json\/wp\/v2\/media?parent=30"}],"curies":[{"name":"wp","href":"https:\/\/api.w.org\/{rel}","templated":true}]}}