{"id":32,"date":"2026-04-03T19:43:42","date_gmt":"2026-04-03T19:43:42","guid":{"rendered":"https:\/\/dd-ergo74.fr\/?page_id=32"},"modified":"2026-04-03T19:46:10","modified_gmt":"2026-04-03T19:46:10","slug":"prise-de-rendez-vous","status":"publish","type":"page","link":"https:\/\/dd-ergo74.fr\/index.php\/prise-de-rendez-vous\/","title":{"rendered":"Prise de rendez-vous"},"content":{"rendered":"\n<figure class=\"wp-block-image size-full\"><img loading=\"lazy\" decoding=\"async\" width=\"612\" height=\"408\" src=\"https:\/\/dd-ergo74.fr\/wp-content\/uploads\/2026\/04\/istockphoto-952073888-612x612-1.jpg\" alt=\"\" class=\"wp-image-12\" srcset=\"https:\/\/dd-ergo74.fr\/wp-content\/uploads\/2026\/04\/istockphoto-952073888-612x612-1.jpg 612w, https:\/\/dd-ergo74.fr\/wp-content\/uploads\/2026\/04\/istockphoto-952073888-612x612-1-300x200.jpg 300w\" sizes=\"auto, (max-width: 612px) 100vw, 612px\" \/><\/figure>\n\n\n\n<p class=\"has-text-align-center\">Pour toute nouvelle demande de rendez-vous, merci de me contacter par mail \u00e0 l&rsquo;adresse suivante : <strong><em>dd.ergo74@gmail.com<\/em><\/strong><\/p>\n\n\n\n<p class=\"has-text-align-center\">ou par t\u00e9l\u00e9phone : <strong><em>06 52 53 81 54<\/em><\/strong><\/p>\n\n\n\n<p><mark style=\"background-color:rgba(0, 0, 0, 0)\" class=\"has-inline-color has-base-color\">ergo cruseilles<\/mark><\/p>\n\n\n\n<p><mark style=\"background-color:rgba(0, 0, 0, 0)\" class=\"has-inline-color has-base-color\">ergoth\u00e9rapie 74<\/mark> <\/p>\n\n\n\n<p><\/p>\n","protected":false},"excerpt":{"rendered":"<p>Pour toute nouvelle demande de rendez-vous, merci de me contacter par mail \u00e0 l&rsquo;adresse suivante : dd.ergo74@gmail.com ou par t\u00e9l\u00e9phone : 06 52 53 81 54 ergo cruseilles ergoth\u00e9rapie 74<\/p>\n","protected":false},"author":1,"featured_media":0,"parent":0,"menu_order":3,"comment_status":"closed","ping_status":"closed","template":"","meta":{"footnotes":""},"class_list":["post-32","page","type-page","status-publish","hentry"],"_links":{"self":[{"href":"https:\/\/dd-ergo74.fr\/index.php\/wp-json\/wp\/v2\/pages\/32","targetHints":{"allow":["GET"]}}],"collection":[{"href":"https:\/\/dd-ergo74.fr\/index.php\/wp-json\/wp\/v2\/pages"}],"about":[{"href":"https:\/\/dd-ergo74.fr\/index.php\/wp-json\/wp\/v2\/types\/page"}],"author":[{"embeddable":true,"href":"https:\/\/dd-ergo74.fr\/index.php\/wp-json\/wp\/v2\/users\/1"}],"replies":[{"embeddable":true,"href":"https:\/\/dd-ergo74.fr\/index.php\/wp-json\/wp\/v2\/comments?post=32"}],"version-history":[{"count":1,"href":"https:\/\/dd-ergo74.fr\/index.php\/wp-json\/wp\/v2\/pages\/32\/revisions"}],"predecessor-version":[{"id":33,"href":"https:\/\/dd-ergo74.fr\/index.php\/wp-json\/wp\/v2\/pages\/32\/revisions\/33"}],"wp:attachment":[{"href":"https:\/\/dd-ergo74.fr\/index.php\/wp-json\/wp\/v2\/media?parent=32"}],"curies":[{"name":"wp","href":"https:\/\/api.w.org\/{rel}","templated":true}]}}