{"id":9,"date":"2026-04-03T17:53:44","date_gmt":"2026-04-03T17:53:44","guid":{"rendered":"https:\/\/dd-ergo74.fr\/?page_id=9"},"modified":"2026-04-03T19:51:06","modified_gmt":"2026-04-03T19:51:06","slug":"diane-duchesne-ergotherapeute","status":"publish","type":"page","link":"https:\/\/dd-ergo74.fr\/","title":{"rendered":"Pr\u00e9sentation"},"content":{"rendered":"\n<figure class=\"wp-block-image size-full is-resized\"><img loading=\"lazy\" decoding=\"async\" width=\"500\" height=\"500\" src=\"https:\/\/dd-ergo74.fr\/wp-content\/uploads\/2026\/04\/Copie-de-Logo-ergo-DD2.png\" alt=\"\" class=\"wp-image-10\" style=\"width:645px;height:auto\" srcset=\"https:\/\/dd-ergo74.fr\/wp-content\/uploads\/2026\/04\/Copie-de-Logo-ergo-DD2.png 500w, https:\/\/dd-ergo74.fr\/wp-content\/uploads\/2026\/04\/Copie-de-Logo-ergo-DD2-300x300.png 300w, https:\/\/dd-ergo74.fr\/wp-content\/uploads\/2026\/04\/Copie-de-Logo-ergo-DD2-150x150.png 150w\" sizes=\"auto, (max-width: 500px) 100vw, 500px\" \/><\/figure>\n\n\n\n<p class=\"has-text-align-center\">Je suis Diane DUCHESNE, ergoth\u00e9rapeute D.E. dipl\u00f4m\u00e9e en 2009 et en activit\u00e9 lib\u00e9rale depuis 2013.<\/p>\n\n\n\n<p class=\"has-text-align-center\">Au cours de ces ann\u00e9es, j&rsquo;ai exerc\u00e9 sur plusieurs communes des secteurs de Cruseilles, Groisy, Saint Julien en Genevois et La Roche sur Foron.<\/p>\n\n\n\n<p class=\"has-text-align-center\">Ma pratique est orient\u00e9e sur l&rsquo;accompagnement des enfants et adolescents.<\/p>\n\n\n\n<p><mark style=\"background-color:rgba(0, 0, 0, 0)\" class=\"has-inline-color has-base-color\">cabinet ergoth\u00e9rapie 74 &#8211; ergoth\u00e9rapeute cruseilles &#8211; ergoth\u00e9rapeute groisy &#8211; ergoth\u00e9rapeute saint julien en genevois &#8211; 74350 &#8211; 74570- ergoth\u00e9rapeute Annecy<\/mark><\/p>\n\n\n\n<p class=\"has-text-align-center\"><\/p>\n\n\n\n<p><mark style=\"background-color:rgba(0, 0, 0, 0)\" class=\"has-inline-color has-base-color\">ergoth\u00e9rapie 74 &#8211; ergoth\u00e9rapeute 74<\/mark><\/p>\n\n\n\n<p class=\"has-text-align-center\"><\/p>\n","protected":false},"excerpt":{"rendered":"<p>Je suis Diane DUCHESNE, ergoth\u00e9rapeute D.E. dipl\u00f4m\u00e9e en 2009 et en activit\u00e9 lib\u00e9rale depuis 2013. Au cours de ces ann\u00e9es, j&rsquo;ai exerc\u00e9 sur plusieurs communes des secteurs de Cruseilles, Groisy, Saint Julien en Genevois et La Roche sur Foron. Ma pratique est orient\u00e9e sur l&rsquo;accompagnement des enfants et adolescents. cabinet ergoth\u00e9rapie 74 &#8211; ergoth\u00e9rapeute cruseilles [&hellip;]<\/p>\n","protected":false},"author":1,"featured_media":0,"parent":0,"menu_order":1,"comment_status":"closed","ping_status":"closed","template":"","meta":{"footnotes":""},"class_list":["post-9","page","type-page","status-publish","hentry"],"_links":{"self":[{"href":"https:\/\/dd-ergo74.fr\/index.php\/wp-json\/wp\/v2\/pages\/9","targetHints":{"allow":["GET"]}}],"collection":[{"href":"https:\/\/dd-ergo74.fr\/index.php\/wp-json\/wp\/v2\/pages"}],"about":[{"href":"https:\/\/dd-ergo74.fr\/index.php\/wp-json\/wp\/v2\/types\/page"}],"author":[{"embeddable":true,"href":"https:\/\/dd-ergo74.fr\/index.php\/wp-json\/wp\/v2\/users\/1"}],"replies":[{"embeddable":true,"href":"https:\/\/dd-ergo74.fr\/index.php\/wp-json\/wp\/v2\/comments?post=9"}],"version-history":[{"count":14,"href":"https:\/\/dd-ergo74.fr\/index.php\/wp-json\/wp\/v2\/pages\/9\/revisions"}],"predecessor-version":[{"id":37,"href":"https:\/\/dd-ergo74.fr\/index.php\/wp-json\/wp\/v2\/pages\/9\/revisions\/37"}],"wp:attachment":[{"href":"https:\/\/dd-ergo74.fr\/index.php\/wp-json\/wp\/v2\/media?parent=9"}],"curies":[{"name":"wp","href":"https:\/\/api.w.org\/{rel}","templated":true}]}}